{"id":10809,"date":"2025-09-23T22:33:49","date_gmt":"2025-09-23T19:33:49","guid":{"rendered":"https:\/\/www.soergmbh.com\/?page_id=10809"},"modified":"2025-09-24T16:59:13","modified_gmt":"2025-09-24T13:59:13","slug":"cookie-einstellungen","status":"publish","type":"page","link":"https:\/\/www.soergmbh.com\/ar\/cookie-einstellungen\/","title":{"rendered":"Cookie-Einstellungen"},"content":{"rendered":"\n<h2 class=\"wp-block-heading\"><strong>Cookie- und Einwilligungsverwaltung<\/strong><\/h2>\n\n\n\n<p>Diese Seite erm\u00f6glicht es Ihnen, Ihre Pr\u00e4ferenzen in Bezug auf Cookies und die Verarbeitung personenbezogener Daten auf unserer Website zu verwalten. Als Nutzer k\u00f6nnen Sie ausw\u00e4hlen, welche Cookies Sie akzeptieren oder ablehnen, und Ihre Einwilligungen jederzeit \u00e4ndern.<\/p>\n\n\n\n<hr class=\"wp-block-separator has-alpha-channel-opacity\"\/>\n\n\n\n<h3 class=\"wp-block-heading\">1. Cookie-Kategorien und Beschreibungen<\/h3>\n\n\n\n<figure class=\"wp-block-table\"><table class=\"has-fixed-layout\"><thead><tr><th>Cookie-Typ<\/th><th>Beschreibung<\/th><th>Status<\/th><\/tr><\/thead><tbody><tr><td>Notwendige Cookies<\/td><td>Gew\u00e4hrleisten die Grundfunktionen der Website<\/td><td>Immer aktiv<\/td><\/tr><tr><td>Performance-Cookies<\/td><td>Analysieren die Nutzung der Website<\/td><td>[ ] Akzeptieren [ ] Ablehnen<\/td><\/tr><tr><td>Funktionale Cookies<\/td><td>Speichern Benutzerpr\u00e4ferenzen<\/td><td>[ ] Akzeptieren [ ] Ablehnen<\/td><\/tr><tr><td>Werbe-\/Targeting-Cookies<\/td><td>Liefern Anzeigen passend zu Ihren Interessen<\/td><td>[ ] Akzeptieren [ ] Ablehnen<\/td><\/tr><\/tbody><\/table><\/figure>\n\n\n\n<hr class=\"wp-block-separator has-alpha-channel-opacity\"\/>\n\n\n\n<h3 class=\"wp-block-heading\">2. \u00c4ndern Ihrer Pr\u00e4ferenzen<\/h3>\n\n\n\n<p>Sie k\u00f6nnen Ihre Cookie-Einstellungen jederzeit aktualisieren.<\/p>\n\n\n\n<p>Verwenden Sie den folgenden Bereich, um Ihre Pr\u00e4ferenzen anzupassen:<\/p>\n\n\n<div id=\"cmplz-manage-consent-container-nojavascript\">You have loaded the Cookie Policy without javascript support.&nbsp;On AMP, you can use the manage consent button on the bottom of the page.<\/div><div id=\"cmplz-manage-consent-container\" name=\"cmplz-manage-consent-container\" class=\"cmplz-manage-consent-container\"><\/div>\n\n\n\n<hr class=\"wp-block-separator has-alpha-channel-opacity\"\/>\n\n\n\n<h3 class=\"wp-block-heading\">3. Aufzeichnung der Einwilligung<\/h3>\n\n\n\n<p>Ihre Einwilligungen werden sicher gespeichert und nur f\u00fcr die Einhaltung der DSGVO verwendet.<\/p>\n\n\n\n<p>Nutzer-Einwilligungen k\u00f6nnen bei Bedarf von der Website-Verwaltung \u00fcberpr\u00fcft werden.<\/p>\n\n\n\n<hr class=\"wp-block-separator has-alpha-channel-opacity\"\/>\n\n\n\n<h3 class=\"wp-block-heading\">4. Weitere Informationen<\/h3>\n\n\n\n<p>F\u00fcr detaillierte Informationen zur Verarbeitung und Speicherung Ihrer personenbezogenen Daten besuchen Sie bitte unsere [<a href=\"https:\/\/www.soergmbh.com\/datenanfrage\/\" data-type=\"link\" data-id=\"https:\/\/www.soergmbh.com\/datenanfrage\/\">Datenschutzrichtlinie<\/a>]-Seite.<\/p>\n\n\n\n<p>F\u00fcr detaillierte Informationen zu Cookies sehen Sie bitte unsere [<a href=\"https:\/\/www.soergmbh.com\/cookie-richtlinie\/\" data-type=\"link\" data-id=\"https:\/\/www.soergmbh.com\/cookie-richtlinie\">Cookie-Richtlinie<\/a>]-Seite ein.<\/p>\n","protected":false},"excerpt":{"rendered":"<p>Cookie- und Einwilligungsverwaltung Diese Seite erm\u00f6glicht es Ihnen, Ihre Pr\u00e4ferenzen in Bezug auf Cookies und die Verarbeitung personenbezogener Daten auf<\/p>\n","protected":false},"author":1,"featured_media":0,"parent":0,"menu_order":0,"comment_status":"closed","ping_status":"closed","template":"","meta":{"_joinchat":[],"footnotes":""},"class_list":["post-10809","page","type-page","status-publish","hentry"],"_links":{"self":[{"href":"https:\/\/www.soergmbh.com\/ar\/wp-json\/wp\/v2\/pages\/10809","targetHints":{"allow":["GET"]}}],"collection":[{"href":"https:\/\/www.soergmbh.com\/ar\/wp-json\/wp\/v2\/pages"}],"about":[{"href":"https:\/\/www.soergmbh.com\/ar\/wp-json\/wp\/v2\/types\/page"}],"author":[{"embeddable":true,"href":"https:\/\/www.soergmbh.com\/ar\/wp-json\/wp\/v2\/users\/1"}],"replies":[{"embeddable":true,"href":"https:\/\/www.soergmbh.com\/ar\/wp-json\/wp\/v2\/comments?post=10809"}],"version-history":[{"count":0,"href":"https:\/\/www.soergmbh.com\/ar\/wp-json\/wp\/v2\/pages\/10809\/revisions"}],"wp:attachment":[{"href":"https:\/\/www.soergmbh.com\/ar\/wp-json\/wp\/v2\/media?parent=10809"}],"curies":[{"name":"wp","href":"https:\/\/api.w.org\/{rel}","templated":true}]}}