{"id":10142,"date":"2025-09-21T12:58:19","date_gmt":"2025-09-21T09:58:19","guid":{"rendered":"https:\/\/www.soergmbh.com\/?page_id=10142"},"modified":"2025-09-23T15:30:01","modified_gmt":"2025-09-23T12:30:01","slug":"hizmetlerimiz","status":"publish","type":"page","link":"https:\/\/www.soergmbh.com\/tr\/hizmetlerimiz\/","title":{"rendered":"Hizmetlerimiz"},"content":{"rendered":"<div class=\"wpb-content-wrapper\"><p>[vc_row][vc_column][vc_column_text css=&#8221;&#8221; woodmart_inline=&#8221;no&#8221; text_larger=&#8221;no&#8221;]<\/p>\n<h2>Hizmetlerimiz<\/h2>\n<p><strong>Soer GMBH<\/strong>&nbsp;olarak, g\u00f6z sa\u011fl\u0131\u011f\u0131 alan\u0131nda sundu\u011fumuz kapsaml\u0131 \u00e7\u00f6z\u00fcmlerle sekt\u00f6rdeki ihtiya\u00e7lar\u0131n\u0131za en iyi \u015fekilde yan\u0131t veriyoruz. Alan\u0131nda uzman ekibimizle, cihaz ve sistemlerinizi en y\u00fcksek verimlilikle kullanabilmeniz i\u00e7in gereken t\u00fcm deste\u011fi sa\u011fl\u0131yoruz. \u0130\u015fte sundu\u011fumuz ba\u015fl\u0131ca hizmetler:<\/p>\n<ul>\n<li><strong>Teknik Servis:<\/strong> G\u00f6z sa\u011fl\u0131\u011f\u0131 cihazlar\u0131n\u0131z\u0131n bak\u0131m ve onar\u0131m i\u015flemlerini h\u0131zl\u0131 ve g\u00fcvenilir bir \u015fekilde ger\u00e7ekle\u015ftiriyoruz.<\/li>\n<li><strong>Yedek Par\u00e7a Temini:<\/strong> Orijinal yedek par\u00e7alar ile cihazlar\u0131n\u0131z\u0131n sorunsuz \u00e7al\u0131\u015fmas\u0131n\u0131 sa\u011fl\u0131yoruz.<\/li>\n<li><strong>Yaz\u0131l\u0131m Deste\u011fi:<\/strong> G\u00f6z sa\u011fl\u0131\u011f\u0131 cihazlar\u0131n\u0131z\u0131n yaz\u0131l\u0131mlar\u0131n\u0131n g\u00fcncellenmesi ve optimizasyonu i\u00e7in gerekli deste\u011fi sunuyoruz.<\/li>\n<li><strong>Bak\u0131m:<\/strong> Cihazlar\u0131n\u0131z\u0131n d\u00fczenli bak\u0131m\u0131n\u0131 yaparak, ar\u0131zalar\u0131n \u00f6n\u00fcne ge\u00e7iyor ve \u00f6mr\u00fcn\u00fc uzat\u0131yoruz.<\/li>\n<li><strong>Kurulum:<\/strong> Sat\u0131n ald\u0131\u011f\u0131n\u0131z cihazlar\u0131n kurulumunu profesyonel bir \u015fekilde ger\u00e7ekle\u015ftiriyoruz.<\/li>\n<li><strong>Ta\u015f\u0131ma:<\/strong> Cihazlar\u0131n\u0131z\u0131n g\u00fcvenli bir \u015fekilde ta\u015f\u0131nmas\u0131 i\u00e7in uzman kadromuzla hizmet veriyoruz.<\/li>\n<li><strong>Kiralama:<\/strong> \u0130htiyac\u0131n\u0131za uygun cihazlar\u0131 kiralama se\u00e7enekleri ile sunuyoruz.<\/li>\n<\/ul>\n<p>&nbsp;<\/p>\n<p>Her bir hizmetimiz, g\u00f6z sa\u011fl\u0131\u011f\u0131 cihazlar\u0131n\u0131z\u0131n en iyi performansla \u00e7al\u0131\u015fmas\u0131n\u0131 sa\u011flamak ve i\u015f s\u00fcre\u00e7lerinizi sorunsuz bir \u015fekilde y\u00fcr\u00fctmenizi desteklemek amac\u0131yla tasarlanm\u0131\u015ft\u0131r.[\/vc_column_text][\/vc_column][\/vc_row]<\/p>\n<\/div>","protected":false},"excerpt":{"rendered":"<p>[vc_row][vc_column][vc_column_text css=&#8221;&#8221; woodmart_inline=&#8221;no&#8221; text_larger=&#8221;no&#8221;] Hizmetlerimiz Soer GMBH&nbsp;olarak, g\u00f6z sa\u011fl\u0131\u011f\u0131 alan\u0131nda sundu\u011fumuz kapsaml\u0131 \u00e7\u00f6z\u00fcmlerle sekt\u00f6rdeki ihtiya\u00e7lar\u0131n\u0131za en iyi \u015fekilde yan\u0131t veriyoruz.<\/p>\n","protected":false},"author":1,"featured_media":0,"parent":0,"menu_order":0,"comment_status":"closed","ping_status":"closed","template":"","meta":{"_joinchat":[],"footnotes":""},"class_list":["post-10142","page","type-page","status-publish","hentry"],"_links":{"self":[{"href":"https:\/\/www.soergmbh.com\/tr\/wp-json\/wp\/v2\/pages\/10142","targetHints":{"allow":["GET"]}}],"collection":[{"href":"https:\/\/www.soergmbh.com\/tr\/wp-json\/wp\/v2\/pages"}],"about":[{"href":"https:\/\/www.soergmbh.com\/tr\/wp-json\/wp\/v2\/types\/page"}],"author":[{"embeddable":true,"href":"https:\/\/www.soergmbh.com\/tr\/wp-json\/wp\/v2\/users\/1"}],"replies":[{"embeddable":true,"href":"https:\/\/www.soergmbh.com\/tr\/wp-json\/wp\/v2\/comments?post=10142"}],"version-history":[{"count":0,"href":"https:\/\/www.soergmbh.com\/tr\/wp-json\/wp\/v2\/pages\/10142\/revisions"}],"wp:attachment":[{"href":"https:\/\/www.soergmbh.com\/tr\/wp-json\/wp\/v2\/media?parent=10142"}],"curies":[{"name":"wp","href":"https:\/\/api.w.org\/{rel}","templated":true}]}}