{"id":10755,"date":"2025-09-23T22:28:56","date_gmt":"2025-09-23T19:28:56","guid":{"rendered":"https:\/\/www.soergmbh.com\/?page_id=10755"},"modified":"2025-09-24T17:14:06","modified_gmt":"2025-09-24T14:14:06","slug":"gizlilik-politikasi","status":"publish","type":"page","link":"https:\/\/www.soergmbh.com\/tr\/gizlilik-politikasi\/","title":{"rendered":"Gizlilik Politikas\u0131"},"content":{"rendered":"<h2 data-start=\"283\" data-end=\"316\">Gizlilik Politikas\u0131<\/h2>\n<p data-start=\"330\" data-end=\"530\">Bu web sitesi, kullan\u0131c\u0131lar\u0131n\u0131n ki\u015fisel verilerini korumay\u0131 taahh\u00fct eder. Gizlili\u011finiz bizim i\u00e7in \u00f6nemlidir ve bu politika, hangi verileri toplad\u0131\u011f\u0131m\u0131z\u0131, nas\u0131l kulland\u0131\u011f\u0131m\u0131z\u0131 ve haklar\u0131n\u0131z\u0131 a\u00e7\u0131klar.<\/p>\n<hr data-start=\"532\" data-end=\"535\" \/>\n<p data-start=\"537\" data-end=\"571\"><strong data-start=\"537\" data-end=\"569\">1. Toplanan Ki\u015fisel Veriler:<\/strong><\/p>\n<ul data-start=\"573\" data-end=\"739\">\n<li data-start=\"573\" data-end=\"628\">\n<p data-start=\"575\" data-end=\"628\">Ad, soyad, e-posta, telefon gibi ileti\u015fim bilgileri<\/p>\n<\/li>\n<li data-start=\"629\" data-end=\"707\">\n<p data-start=\"631\" data-end=\"707\">Site kullan\u0131m verileri (ziyaret edilen sayfalar, IP adresi, taray\u0131c\u0131 t\u00fcr\u00fc)<\/p>\n<\/li>\n<li data-start=\"708\" data-end=\"739\">\n<p data-start=\"710\" data-end=\"739\">\u00c7erezler ve analiz verileri<\/p>\n<\/li>\n<\/ul>\n<hr data-start=\"741\" data-end=\"744\" \/>\n<p data-start=\"746\" data-end=\"791\"><strong data-start=\"746\" data-end=\"789\">2. Ki\u015fisel Verilerin Kullan\u0131m Ama\u00e7lar\u0131:<\/strong><\/p>\n<ul data-start=\"793\" data-end=\"1020\">\n<li data-start=\"793\" data-end=\"846\">\n<p data-start=\"795\" data-end=\"846\">Web sitesi ve hizmetlerin etkin \u015fekilde sunulmas\u0131<\/p>\n<\/li>\n<li data-start=\"847\" data-end=\"889\">\n<p data-start=\"849\" data-end=\"889\">\u0130leti\u015fim ve m\u00fc\u015fteri deste\u011fi sa\u011flanmas\u0131<\/p>\n<\/li>\n<li data-start=\"890\" data-end=\"923\">\n<p data-start=\"892\" data-end=\"923\">Analiz ve istatistik ama\u00e7lar\u0131<\/p>\n<\/li>\n<li data-start=\"924\" data-end=\"968\">\n<p data-start=\"926\" data-end=\"968\">Yasal y\u00fck\u00fcml\u00fcl\u00fcklerin yerine getirilmesi<\/p>\n<\/li>\n<li data-start=\"969\" data-end=\"1020\">\n<p data-start=\"971\" data-end=\"1020\">Pazarlama ve reklam faaliyetleri (onay\u0131n\u0131z ile)<\/p>\n<\/li>\n<\/ul>\n<hr data-start=\"1022\" data-end=\"1025\" \/>\n<p data-start=\"1027\" data-end=\"1059\"><strong data-start=\"1027\" data-end=\"1057\">3. Verilerin Payla\u015f\u0131lmas\u0131:<\/strong><\/p>\n<ul data-start=\"1061\" data-end=\"1261\">\n<li data-start=\"1061\" data-end=\"1175\">\n<p data-start=\"1063\" data-end=\"1175\">Ki\u015fisel veriler, yaln\u0131zca yetkili \u00fc\u00e7\u00fcnc\u00fc taraf hizmet sa\u011flay\u0131c\u0131larla payla\u015f\u0131l\u0131r (\u00f6r. hosting, analiz, reklam).<\/p>\n<\/li>\n<li data-start=\"1176\" data-end=\"1261\">\n<p data-start=\"1178\" data-end=\"1261\">\u00dc\u00e7\u00fcnc\u00fc taraflar, verileri yaln\u0131zca belirtilen ama\u00e7lar do\u011frultusunda kullanabilir.<\/p>\n<\/li>\n<\/ul>\n<hr data-start=\"1263\" data-end=\"1266\" \/>\n<p data-start=\"1268\" data-end=\"1292\"><strong data-start=\"1268\" data-end=\"1290\">4. Veri G\u00fcvenli\u011fi:<\/strong><\/p>\n<ul data-start=\"1294\" data-end=\"1413\">\n<li data-start=\"1294\" data-end=\"1356\">\n<p data-start=\"1296\" data-end=\"1356\">Ki\u015fisel veriler, teknik ve idari \u00f6nlemlerle korunmaktad\u0131r.<\/p>\n<\/li>\n<li data-start=\"1357\" data-end=\"1413\">\n<p data-start=\"1359\" data-end=\"1413\">Eri\u015fim yetkisi sadece yetkili personelle s\u0131n\u0131rl\u0131d\u0131r.<\/p>\n<\/li>\n<\/ul>\n<hr data-start=\"1415\" data-end=\"1418\" \/>\n<p data-start=\"1420\" data-end=\"1447\"><strong data-start=\"1420\" data-end=\"1445\">5. Kullan\u0131c\u0131 Haklar\u0131:<\/strong><\/p>\n<p data-start=\"1449\" data-end=\"1491\">Kullan\u0131c\u0131lar a\u015fa\u011f\u0131daki haklara sahiptir:<\/p>\n<ul data-start=\"1492\" data-end=\"1695\">\n<li data-start=\"1492\" data-end=\"1519\">\n<p data-start=\"1494\" data-end=\"1519\">Kendi verilerine eri\u015fme<\/p>\n<\/li>\n<li data-start=\"1520\" data-end=\"1559\">\n<p data-start=\"1522\" data-end=\"1559\">Verilerin d\u00fczeltilmesini talep etme<\/p>\n<\/li>\n<li data-start=\"1560\" data-end=\"1596\">\n<p data-start=\"1562\" data-end=\"1596\">Verilerin silinmesini talep etme<\/p>\n<\/li>\n<li data-start=\"1597\" data-end=\"1634\">\n<p data-start=\"1599\" data-end=\"1634\">Verilerin i\u015flenmesine itiraz etme<\/p>\n<\/li>\n<li data-start=\"1635\" data-end=\"1695\">\n<p data-start=\"1637\" data-end=\"1695\">Onay verdi\u011fi durumlarda verilerin ta\u015f\u0131nmas\u0131n\u0131 talep etme<\/p>\n<\/li>\n<\/ul>\n<p data-start=\"1697\" data-end=\"1783\">Bu haklar\u0131n\u0131z\u0131 kullanmak i\u00e7in l\u00fctfen bizimle [<a href=\"https:\/\/www.soergmbh.com\/tr\/iletisim\/\" target=\"_blank\" rel=\"noopener\">\u0130leti\u015fim<\/a>] sayfas\u0131ndan ileti\u015fime ge\u00e7in.<\/p>\n<hr data-start=\"1785\" data-end=\"1788\" \/>\n<p data-start=\"1790\" data-end=\"1818\"><strong data-start=\"1790\" data-end=\"1816\">6. \u00c7erezler ve \u0130zleme:<\/strong><\/p>\n<p data-start=\"1820\" data-end=\"1980\">Web sitemiz \u00e7erezler ve benzeri izleme teknolojileri kullanmaktad\u0131r. \u00c7erezler hakk\u0131nda daha fazla bilgi i\u00e7in l\u00fctfen [<a href=\"https:\/\/www.soergmbh.com\/tr\/cerez-politikasi\/\">\u00c7erez Politikas\u0131<\/a>] sayfam\u0131z\u0131 ziyaret edin.<\/p>\n<hr data-start=\"1982\" data-end=\"1985\" \/>\n<p data-start=\"1987\" data-end=\"2010\"><strong data-start=\"1987\" data-end=\"2008\">7. De\u011fi\u015fiklikler:<\/strong><\/p>\n<p data-start=\"2012\" data-end=\"2160\">Bu gizlilik politikas\u0131 zaman zaman g\u00fcncellenebilir. G\u00fcncellemeler web sitemizde yay\u0131nlan\u0131r ve \u00f6nemli de\u011fi\u015fikliklerde kullan\u0131c\u0131lar bilgilendirilir.<\/p>\n","protected":false},"excerpt":{"rendered":"<p>Gizlilik Politikas\u0131 Bu web sitesi, kullan\u0131c\u0131lar\u0131n\u0131n ki\u015fisel verilerini korumay\u0131 taahh\u00fct eder. Gizlili\u011finiz bizim i\u00e7in \u00f6nemlidir ve bu politika, hangi verileri<\/p>\n","protected":false},"author":1,"featured_media":0,"parent":0,"menu_order":0,"comment_status":"closed","ping_status":"closed","template":"","meta":{"_joinchat":[],"footnotes":""},"class_list":["post-10755","page","type-page","status-publish","hentry"],"_links":{"self":[{"href":"https:\/\/www.soergmbh.com\/tr\/wp-json\/wp\/v2\/pages\/10755","targetHints":{"allow":["GET"]}}],"collection":[{"href":"https:\/\/www.soergmbh.com\/tr\/wp-json\/wp\/v2\/pages"}],"about":[{"href":"https:\/\/www.soergmbh.com\/tr\/wp-json\/wp\/v2\/types\/page"}],"author":[{"embeddable":true,"href":"https:\/\/www.soergmbh.com\/tr\/wp-json\/wp\/v2\/users\/1"}],"replies":[{"embeddable":true,"href":"https:\/\/www.soergmbh.com\/tr\/wp-json\/wp\/v2\/comments?post=10755"}],"version-history":[{"count":0,"href":"https:\/\/www.soergmbh.com\/tr\/wp-json\/wp\/v2\/pages\/10755\/revisions"}],"wp:attachment":[{"href":"https:\/\/www.soergmbh.com\/tr\/wp-json\/wp\/v2\/media?parent=10755"}],"curies":[{"name":"wp","href":"https:\/\/api.w.org\/{rel}","templated":true}]}}