{"id":10760,"date":"2025-09-23T22:33:49","date_gmt":"2025-09-23T19:33:49","guid":{"rendered":"https:\/\/www.soergmbh.com\/?page_id=10760"},"modified":"2025-10-17T23:28:53","modified_gmt":"2025-10-17T20:28:53","slug":"cerez-ve-veri-onayi-yonetimi","status":"publish","type":"page","link":"https:\/\/www.soergmbh.com\/tr\/cerez-ve-veri-onayi-yonetimi\/","title":{"rendered":"\u00c7erez ve Veri Onay\u0131 Y\u00f6netimi"},"content":{"rendered":"\n<h2 class=\"wp-block-heading\"><strong>Cookie and Consent Management<\/strong><\/h2>\n\n<p>This page allows you to manage your preferences regarding cookies and personal data processing on our website. As a user, you can choose which cookies to accept or reject, and you can change your consents at any time.<\/p>\n\n<hr class=\"wp-block-separator has-alpha-channel-opacity\"\/>\n\n<h3 class=\"wp-block-heading\">1. Cookie Categories and Descriptions<\/h3>\n\n<figure class=\"wp-block-table\"><table class=\"has-fixed-layout\"><thead><tr><th>Cookie Type<\/th><th>Description<\/th><th>Status<\/th><\/tr><\/thead><tbody><tr><td>Necessary Cookies<\/td><td>Ensure the basic functions of the website<\/td><td>Always Active<\/td><\/tr><tr><td>Performance Cookies<\/td><td>Analyze site usage<\/td><td>[ ] Accept [ ] Reject<\/td><\/tr><tr><td>Functional Cookies<\/td><td>Remember user preferences<\/td><td>[ ] Accept [ ] Reject<\/td><\/tr><tr><td>Advertising \/ Targeting Cookies<\/td><td>Deliver ads relevant to your interests<\/td><td>[ ] Accept [ ] Reject<\/td><\/tr><\/tbody><\/table><\/figure>\n\n<hr class=\"wp-block-separator has-alpha-channel-opacity\"\/>\n\n<h3 class=\"wp-block-heading\">2. Changing Your Preferences<\/h3>\n\n<p>You can update your cookie preferences at any time.<\/p>\n\n<p>Use the section below to adjust your preferences:<\/p>\n<div id=\"cmplz-manage-consent-container-nojavascript\">\u00c7erez Politikas\u0131n\u0131 javascript deste\u011fi olmadan y\u00fcklediniz.&nbsp;AMP'de sayfan\u0131n alt\u0131ndaki onay\u0131 y\u00f6net d\u00fc\u011fmesini kullanabilirsiniz.<\/div><div id=\"cmplz-manage-consent-container\" name=\"cmplz-manage-consent-container\" class=\"cmplz-manage-consent-container\"><\/div>\n\n<hr class=\"wp-block-separator has-alpha-channel-opacity\"\/>\n\n<h3 class=\"wp-block-heading\">3. Consent Record<\/h3>\n\n<p>Your consents are securely stored and used only for GDPR compliance purposes.<\/p>\n\n<p>User consents can be verified by website administration when required.<\/p>\n\n<hr class=\"wp-block-separator has-alpha-channel-opacity\"\/>\n\n<h3 class=\"wp-block-heading\">4. More Information<\/h3>\n\n<p>For detailed information about the processing and storage of your personal data, please visit our [<a href=\"https:\/\/www.soergmbh.com\/en\/privacy-policy\/\" data-type=\"link\" data-id=\"https:\/\/www.soergmbh.com\/en\/privacy-policy\/\">Privacy Policy<\/a>] page.<\/p>\n\n<p>For detailed information about cookies, please see our [<a href=\"https:\/\/www.soergmbh.com\/en\/cookie-policy\/\" data-type=\"link\" data-id=\"https:\/\/www.soergmbh.com\/en\/cookie-policy\/\">Cookie Policy<\/a>] page.<\/p>\n","protected":false},"excerpt":{"rendered":"<p>Cookie and Consent Management This page allows you to manage your preferences regarding cookies and personal data processing on our<\/p>\n","protected":false},"author":1,"featured_media":0,"parent":0,"menu_order":0,"comment_status":"closed","ping_status":"closed","template":"","meta":{"_joinchat":[],"footnotes":""},"class_list":["post-10760","page","type-page","status-publish","hentry"],"_links":{"self":[{"href":"https:\/\/www.soergmbh.com\/tr\/wp-json\/wp\/v2\/pages\/10760","targetHints":{"allow":["GET"]}}],"collection":[{"href":"https:\/\/www.soergmbh.com\/tr\/wp-json\/wp\/v2\/pages"}],"about":[{"href":"https:\/\/www.soergmbh.com\/tr\/wp-json\/wp\/v2\/types\/page"}],"author":[{"embeddable":true,"href":"https:\/\/www.soergmbh.com\/tr\/wp-json\/wp\/v2\/users\/1"}],"replies":[{"embeddable":true,"href":"https:\/\/www.soergmbh.com\/tr\/wp-json\/wp\/v2\/comments?post=10760"}],"version-history":[{"count":0,"href":"https:\/\/www.soergmbh.com\/tr\/wp-json\/wp\/v2\/pages\/10760\/revisions"}],"wp:attachment":[{"href":"https:\/\/www.soergmbh.com\/tr\/wp-json\/wp\/v2\/media?parent=10760"}],"curies":[{"name":"wp","href":"https:\/\/api.w.org\/{rel}","templated":true}]}}